{"id":2073,"date":"2025-08-26T11:50:02","date_gmt":"2025-08-26T11:50:02","guid":{"rendered":"https:\/\/lime-code.gr\/?page_id=2073"},"modified":"2026-04-08T06:59:07","modified_gmt":"2026-04-08T06:59:07","slug":"terms","status":"publish","type":"page","link":"https:\/\/lime-code.gr\/de\/terms\/","title":{"rendered":"Nutzungsbedingungen"},"content":{"rendered":"<div class=\"fusion-fullwidth fullwidth-box fusion-builder-row-1 fusion-flex-container nonhundred-percent-fullwidth non-hundred-percent-height-scrolling\" style=\"--awb-border-radius-top-left:0px;--awb-border-radius-top-right:0px;--awb-border-radius-bottom-right:0px;--awb-border-radius-bottom-left:0px;--awb-flex-wrap:wrap;\" ><div class=\"fusion-builder-row fusion-row fusion-flex-align-items-flex-start fusion-flex-content-wrap\" style=\"max-width:1310.4px;margin-left: calc(-4% \/ 2 );margin-right: calc(-4% \/ 2 );\"><div class=\"fusion-layout-column fusion_builder_column fusion-builder-column-0 fusion_builder_column_1_1 1_1 fusion-flex-column\" style=\"--awb-bg-size:cover;--awb-width-large:100%;--awb-margin-top-large:0px;--awb-spacing-right-large:2.88%;--awb-margin-bottom-large:0px;--awb-spacing-left-large:2.88%;--awb-width-medium:100%;--awb-spacing-right-medium:2.88%;--awb-spacing-left-medium:2.88%;--awb-width-small:100%;--awb-spacing-right-small:1.92%;--awb-spacing-left-small:1.92%;\"><div class=\"fusion-column-wrapper fusion-flex-justify-content-flex-start fusion-content-layout-column\"><div class=\"fusion-text fusion-text-1\" style=\"--awb-font-size:16px;\"><p style=\"text-align: center;\"><strong data-fusion-font=\"true\" style=\"font-size: 30px;\">Allgemeine Nutzungsbedingungen<\/strong><\/p>\n<p><strong><u>\u0399. Einf\u00fchrung \u2013 Annahme der Nutzungsbedingungen <\/u><\/strong><\/p>\n<p>Die vorliegende Website <b>lime-code.gr <\/b>mit allen ihren Unterseiten (im Folgenden \u201edie Seiten\u201c) geh\u00f6rt dem Unternehmen \u201eLIME CODE TECHNOLOGY\u201c (im Folgenden \u201edas Unternehmen\u201c) und dient dazu, der \u00d6ffentlichkeit \u00fcber das Internet die Produkte und Dienstleistungen des Unternehmens zu pr\u00e4sentieren.<\/p>\n<p>Die Nutzung der Website lime-code.gr <u>setzt die uneingeschr\u00e4nkte Annahme der nachstehenden Nutzungsbedingungen voraus,<\/u>die f\u00fcr den gesamten Inhalt, einschlie\u00dflich Seiten, Grafiken, Bilder, Fotografien und Dateien, gelten. Daher ist der Besucher\/Nutzer verpflichtet, diese Bedingungen sorgf\u00e4ltig zu lesen, bevor er die Website besucht oder nutzt. Falls er nicht einverstanden ist, muss er die Nutzung der Website unterlassen.<\/p>\n<p>Das Unternehmen bem\u00fcht sich nach besten Kr\u00e4ften, die Genauigkeit der bereitgestellten Informationen sicherzustellen. Dennoch kann keine Garantie daf\u00fcr \u00fcbernommen werden, dass die Seiten, Dienstleistungen, Optionen und Inhalte ohne Unterbrechung oder Fehler zur Verf\u00fcgung stehen oder dass Fehler sofort korrigiert werden. Das Unternehmen \u00fcbernimmt keine Haftung f\u00fcr etwaige Fehler oder Auslassungen sowie f\u00fcr Ergebnisse, die sich aus deren Nutzung ergeben.<\/p>\n<p>Dar\u00fcber hinaus garantiert das Unternehmen nicht, dass die Website oder andere verbundene Websites oder Server, \u00fcber die Inhalte bereitgestellt werden, frei von Viren oder anderen sch\u00e4dlichen Komponenten sind. Es werden jedoch alle angemessenen Ma\u00dfnahmen unter Einsatz moderner Methoden ergriffen, um eine sichere Nutzung der Website zu gew\u00e4hrleisten.Hyperlinks oder Werbebanner auf dieser Website dienen ausschlie\u00dflich der Benutzerfreundlichkeit und k\u00f6nnen zu externen Websites f\u00fchren, die nicht vom Unternehmen kontrolliert werden. Daher \u00fcbernimmt das Unternehmen keine Verantwortung f\u00fcr deren Inhalte oder f\u00fcr Sch\u00e4den, die aus deren Nutzung entstehen. F\u00fcr eventuelle Probleme ist eine direkte Kontaktaufnahme mit den jeweiligen Betreibern dieser Websites erforderlich, die auch die entsprechende Verantwortung tragen. Das Unternehmen gilt in keinem Fall als Bef\u00fcrworter oder Akzeptant der Inhalte oder Dienstleistungen dieser externen Websites.<\/p>\n<p>Das Unternehmen \u00fcbernimmt keinerlei Haftung f\u00fcr Sch\u00e4den, die dem Besucher\/Nutzer aus der Nutzung der Website entstehen. Die Inhalte der Website werden \u201ewie sie sind\u201c ohne jegliche ausdr\u00fcckliche oder stillschweigende Gew\u00e4hrleistung bereitgestellt. S\u00e4mtliche Informationen dienen ausschlie\u00dflich der allgemeinen Information. Beabsichtigt der Besucher\/Nutzer, die bereitgestellten Informationen in irgendeiner Form zu verwerten, hat er zuvor mit dem Unternehmen \u00fcber das auf der Website lime-code.gr bereitgestellte Kontaktformular in Verbindung zu treten. Das Unternehmen wird nach eigenem Ermessen f\u00fcr die Bereitstellung aktueller und genauer Informationen sorgen.<\/p>\n<p>Die Website lime-code.gr ist grunds\u00e4tzlich f\u00fcr einen Betrieb rund um die Uhr (24 Stunden t\u00e4glich, 7 Tage die Woche) vorgesehen. Das Unternehmen beh\u00e4lt sich jedoch das Recht vor, den Zugang zur Website ganz oder teilweise auszusetzen oder einzustellen, sofern Umst\u00e4nde au\u00dferhalb seines Einflussbereichs dies erforderlich machen, wie beispielsweise St\u00f6rungen von Informationssystemen oder Telekommunikationsnetzen, technische Probleme oder Gr\u00fcnde der planm\u00e4\u00dfigen oder au\u00dferordentlichen Wartung sowie sonstige au\u00dfergew\u00f6hnliche Ereignisse.<\/p>\n<p>Das Unternehmen beh\u00e4lt sich das Recht vor, die Form und den Inhalt der Website jederzeit und ohne vorherige Ank\u00fcndigung zu \u00e4ndern.<\/p>\n<p>Der Besucher\/Nutzer verpflichtet sich, die bereitgestellten Inhalte und Daten rechtm\u00e4\u00dfig, nach Treu und Glauben sowie im Einklang mit den guten Sitten zu nutzen. Andernfalls tr\u00e4gt er die Verantwortung f\u00fcr die Wiederherstellung jeglicher Sch\u00e4den, die dem Unternehmen durch eine rechtswidrige oder missbr\u00e4uchliche Nutzung entstehen.<\/p>\n<p>Es ist den Nutzern untersagt, in irgendeiner Weise b\u00f6sartige Software oder Daten in die Website lime-code.gr einzubringen,<b> <\/b>die geeignet sind, das Erscheinungsbild, die Integrit\u00e4t der Daten oder die Struktur der Website zu ver\u00e4ndern oder zu beeintr\u00e4chtigen. In einem solchen Fall beh\u00e4lt sich das Unternehmen das Recht vor, alle geeigneten rechtlichen Ma\u00dfnahmen zur Wiederherstellung etwaiger Sch\u00e4den zu ergreifen.<\/p>\n<p><strong><u>II. Schutz personenbezogener Daten <\/u><\/strong><\/p>\n<p>Das Unternehmen hat Zugriff auf personenbezogene Daten, die vom Besucher\/Nutzer freiwillig \u00fcbermittelt werden, und beh\u00e4lt sich das Recht vor, diese ausschlie\u00dflich zu Kommunikationszwecken, zu statistischen und wirtschaftlichen Zwecken sowie zur Verbesserung der \u00fcber die Website angebotenen Dienstleistungen zu verarbeiten. Das Unternehmen kann diese Daten an seine Partner weitergeben, um die Kommunikation und die Bearbeitung von Anfragen zu unterst\u00fctzen. Eine Aufhebung der Vertraulichkeit personenbezogener Daten erfolgt nur, wenn eine entsprechende gesetzliche Verpflichtung besteht und ausschlie\u00dflich gegen\u00fcber den zust\u00e4ndigen Beh\u00f6rden oder befugten Personen. Die L\u00f6schung personenbezogener Daten erfolgt auf Antrag der betroffenen Person \u00fcber lime-code.gr.<\/p>\n<p>Zur Optimierung der Nutzung der Website k\u00f6nnen Tracking-Technologien eingesetzt werden. In Bezug auf die auf diese Weise erhobenen Daten hat der Nutzer das Recht auf Auskunft, L\u00f6schung und Berichtigung seiner personenbezogenen Daten. Das Unternehmen wird personenbezogene Daten der Nutzer niemals an Dritte weitergeben, es sei denn, dies wird vom Nutzer ausdr\u00fccklich verlangt.<\/p>\n<p>Bei jedem Besuch der Website lime-code.gr wird eine sogenannte \u201eCookie\u201c-Datei erstellt. Diese Dateien speichern Informationen \u00fcber Ihren Besuch auf unserer Website (z. B. besuchte Seiten, Datum und Uhrzeit des Besuchs usw.) auf der Festplatte Ihres Computers. Diese Informationen k\u00f6nnen bei Ihrem n\u00e4chsten Besuch verwendet werden. Die \u201eCookie\u201c-Datei verbleibt f\u00fcr einen Zeitraum von 30 Minuten auf Ihrem Computer. Sie k\u00f6nnen die Verwendung von Cookies durch entsprechende Einstellungen in Ihrem Browser deaktivieren.<\/p>\n<p><strong><u>III. Rechte an geistigem und gewerblichem Eigentum <\/u><\/strong><\/p>\n<p>Der Inhalt der Seiten dieser Website (einschlie\u00dflich, aber nicht beschr\u00e4nkt auf Bilder, Marken, Grafiken, Fotografien, Designs, Texte, angebotene Dienstleistungen und allgemein alle Dateien dieser Website) stellt geistiges Eigentum, eingetragene Marken und Dienstleistungsmarken des Unternehmens dar und ist durch die einschl\u00e4gigen Bestimmungen des griechischen, europ\u00e4ischen und internationalen Rechts gesch\u00fctzt. Daher darf kein Teil davon, weder ganz noch teilweise, Gegenstand von Verkauf, Vervielf\u00e4ltigung, \u00c4nderung, Reproduktion, Wiederver\u00f6ffentlichung, Herunterladen (Download), \u00dcbertragung oder Verbreitung in irgendeiner Form sein.<\/p>\n<p>Der Besucher\/Nutzer ist berechtigt, eine einzelne Kopie von Teilen des Inhalts dieser Website auf seinem pers\u00f6nlichen Computer zu speichern, ausschlie\u00dflich f\u00fcr den privaten und nicht f\u00fcr den \u00f6ffentlichen oder kommerziellen Gebrauch, und ohne die Herkunftsangabe zu entfernen, sofern dabei die entsprechenden Rechte des geistigen und gewerblichen Eigentums in keiner Weise verletzt werden.<\/p>\n<p>Sonstige Kennzeichen, Produkte oder Dienstleistungen, die auf den elektronischen Seiten dieser Website erw\u00e4hnt werden und die Marken der jeweiligen Organisationen, Unternehmen, Partner, Institutionen, Verb\u00e4nde oder Herausgeber tragen, stellen deren eigenes geistiges und gewerbliches Eigentum dar. Folglich tragen diese jeweiligen Rechteinhaber die entsprechenden Schutzrechte.<\/p>\n<p><strong><u>IV<\/u><\/strong><strong><u>. Anwendbares Recht und sonstige Bestimmungen <\/u><\/strong><\/p>\n<p>Die vorstehenden Nutzungsbedingungen sowie jede \u00c4nderung, Anpassung oder Abwandlung derselben unterliegen dem griechischen Recht, dem Recht der Europ\u00e4ischen Union sowie den einschl\u00e4gigen internationalen \u00dcbereinkommen. Sollte eine Bestimmung dieser Bedingungen im Widerspruch zu den oben genannten Rechtsquellen stehen, tritt sie automatisch au\u00dfer Kraft und wird aus den vorliegenden Bedingungen entfernt, ohne dass die G\u00fcltigkeit der \u00fcbrigen Bestimmungen ber\u00fchrt wird.<\/p>\n<p>F\u00fcr alle Streitigkeiten, die sich aus der Nutzung dieser Website ergeben, sind ausschlie\u00dflich die Gerichte von Athen zust\u00e4ndig.<\/p>\n<\/div><\/div><\/div><\/div><\/div>","protected":false},"excerpt":{"rendered":"","protected":false},"author":1,"featured_media":0,"parent":0,"menu_order":0,"comment_status":"closed","ping_status":"open","template":"","meta":{"footnotes":""},"class_list":["post-2073","page","type-page","status-publish","hentry"],"_links":{"self":[{"href":"https:\/\/lime-code.gr\/de\/wp-json\/wp\/v2\/pages\/2073","targetHints":{"allow":["GET"]}}],"collection":[{"href":"https:\/\/lime-code.gr\/de\/wp-json\/wp\/v2\/pages"}],"about":[{"href":"https:\/\/lime-code.gr\/de\/wp-json\/wp\/v2\/types\/page"}],"author":[{"embeddable":true,"href":"https:\/\/lime-code.gr\/de\/wp-json\/wp\/v2\/users\/1"}],"replies":[{"embeddable":true,"href":"https:\/\/lime-code.gr\/de\/wp-json\/wp\/v2\/comments?post=2073"}],"version-history":[{"count":4,"href":"https:\/\/lime-code.gr\/de\/wp-json\/wp\/v2\/pages\/2073\/revisions"}],"predecessor-version":[{"id":2489,"href":"https:\/\/lime-code.gr\/de\/wp-json\/wp\/v2\/pages\/2073\/revisions\/2489"}],"wp:attachment":[{"href":"https:\/\/lime-code.gr\/de\/wp-json\/wp\/v2\/media?parent=2073"}],"curies":[{"name":"wp","href":"https:\/\/api.w.org\/{rel}","templated":true}]}}