{"id":2075,"date":"2025-08-26T11:55:05","date_gmt":"2025-08-26T11:55:05","guid":{"rendered":"https:\/\/lime-code.gr\/?page_id=2075"},"modified":"2025-11-28T11:17:51","modified_gmt":"2025-11-28T11:17:51","slug":"privacy-policy","status":"publish","type":"page","link":"https:\/\/lime-code.gr\/de\/privacy-policy\/","title":{"rendered":"Datenschutzerkl\u00e4rung"},"content":{"rendered":"<div class=\"fusion-fullwidth fullwidth-box fusion-builder-row-1 fusion-flex-container nonhundred-percent-fullwidth non-hundred-percent-height-scrolling\" style=\"--awb-border-radius-top-left:0px;--awb-border-radius-top-right:0px;--awb-border-radius-bottom-right:0px;--awb-border-radius-bottom-left:0px;--awb-margin-bottom:64px;--awb-flex-wrap:wrap;\" ><div class=\"fusion-builder-row fusion-row fusion-flex-align-items-flex-start fusion-flex-content-wrap\" style=\"max-width:1310.4px;margin-left: calc(-4% \/ 2 );margin-right: calc(-4% \/ 2 );\"><div class=\"fusion-layout-column fusion_builder_column fusion-builder-column-0 fusion_builder_column_1_1 1_1 fusion-flex-column\" style=\"--awb-bg-size:cover;--awb-width-large:100%;--awb-margin-top-large:0px;--awb-spacing-right-large:2.88%;--awb-margin-bottom-large:0px;--awb-spacing-left-large:2.88%;--awb-width-medium:100%;--awb-spacing-right-medium:2.88%;--awb-spacing-left-medium:2.88%;--awb-width-small:100%;--awb-spacing-right-small:1.92%;--awb-spacing-left-small:1.92%;\"><div class=\"fusion-column-wrapper fusion-flex-justify-content-flex-start fusion-content-layout-column\"><div class=\"fusion-text fusion-text-1\" style=\"--awb-font-size:16px;\"><p style=\"text-align: center;\"><strong data-fusion-font=\"true\" style=\"font-size: 25px;\">Datenschutz- und Privatsph\u00e4renrichtlinie<br \/><\/strong><\/p>\n<p><strong>1. Wer ist f\u00fcr Ihre Daten verantwortlich \u2013 Wohin k\u00f6nnen Sie sich zur Aus\u00fcbung Ihrer Rechte wenden?<\/strong><\/p>\n<p>1.1. Verantwortlicher f\u00fcr die Verarbeitung Ihrer personenbezogenen Daten ist das Unternehmen \u201eLIME CODE TECHNOLOGY\u201c mit Sitz in Argyroupoli, Attika, gesetzlich vertreten, erreichbar unter der Telefonnummer +30 210 9952961 sowie per E-Mail unter limecodetech@gmail.com\n (im Folgenden \u201edas Unternehmen\u201c).<\/p>\n<p>1.2. Das oben genannte Unternehmen hat einen Verantwortlichen f\u00fcr den Schutz personenbezogener Daten benannt, erreichbar unter der E-Mail-Adresse limecodetech@gmail.com\n. An diese E-Mail-Adresse k\u00f6nnen Sie s\u00e4mtliche Anfragen zur Aus\u00fcbung Ihrer nachstehenden Rechte (Abschnitte 3.1 \u2013 3.7) richten.<\/p>\n<p><strong>2. Allgemeine Grunds\u00e4tze des Unternehmens hinsichtlich dieser Informationen<\/strong><\/p>\n<p>2.1. Alle Informationen, die wir Ihnen mit diesem Dokument zur Verf\u00fcgung stellen, sowie alle Informationen, die Sie k\u00fcnftig bei uns anfordern, werden grunds\u00e4tzlich kostenlos bereitgestellt, sofern Ihr Antrag nicht wiederholt, \u00fcberm\u00e4\u00dfig oder offensichtlich unbegr\u00fcndet ist (siehe hierzu Abschnitt 2.3).<\/p>\n<p>2.2. F\u00fcr jedes der oben genannten Rechte wird das Unternehmen innerhalb eines (1) Monats nach Eingang Ihres Antrags antworten. Im Falle objektiver Schwierigkeiten, der Komplexit\u00e4t des Antrags oder der Anzahl der Antr\u00e4ge kann sich diese Frist auf insgesamt bis zu drei (3) Monate verl\u00e4ngern. In diesem Fall erfolgt die Antwort entweder durch Bearbeitung Ihres Antrags oder durch eine begr\u00fcndete Ablehnung aus rechtlichen Gr\u00fcnden, wie sie in der Verordnung (EU) 2016\/679 (DSGVO) festgelegt sind.<\/p>\n<p>2.3. Sollte das Unternehmen der Ansicht sein, dass eines Ihrer oben genannten Rechte offensichtlich unbegr\u00fcndet oder Ihr Antrag \u00fcberm\u00e4\u00dfig (insbesondere aufgrund seiner wiederholten Natur) ist, ist es berechtigt, entweder eine angemessene Geb\u00fchr f\u00fcr die Bereitstellung weiterer Informationen zu erheben (die grunds\u00e4tzlich kostenlos sind) oder die Bearbeitung des Antrags abzulehnen.<\/p>\n<p>2.4. Bestehen begr\u00fcndete Zweifel an Ihrer Identit\u00e4t, wenn Sie einen Antrag zur Aus\u00fcbung Ihrer Rechte stellen, kann das Unternehmen zus\u00e4tzliche Informationen anfordern, die zur Best\u00e4tigung Ihrer Identit\u00e4t erforderlich sind, bevor der Antrag bearbeitet wird.<\/p>\n<p>2.5. Sollte das Unternehmen nicht innerhalb der vorgesehenen Frist auf Ihren Antrag reagieren oder sind Sie der Ansicht, dass Ihre Rechte verletzt wurden bzw. das Unternehmen seinen datenschutzrechtlichen Verpflichtungen nicht nachkommt, haben Sie das Recht, Beschwerde bei der zust\u00e4ndigen Aufsichtsbeh\u00f6rde einzureichen:\nHellenic Data Protection Authority, Kifisias 1-3, 115 23 Athen, Griechenland,\nE-Mail: contact@dpa.gr\n, Tel.: +30 210 6475600.<\/p>\n<p>2.6. Sie haben das Recht, eine ggf. erteilte Einwilligung jederzeit zu widerrufen, indem Sie einen entsprechenden Antrag an die E-Mail-Adresse des Datenschutzbeauftragten senden: limecodetech@gmail.com\n (siehe Abschnitt 1.2).<\/p>\n<p><strong>3. Welche Rechte haben Sie in Bezug auf die personenbezogenen Daten, die Sie uns zur Verf\u00fcgung gestellt haben?<\/strong><\/p>\n<p>3.1. Recht auf Auskunft<\/p>\n<p>Sie haben das Recht, Auskunft \u00fcber die personenbezogenen Daten zu verlangen, die wir von Ihnen erhoben haben und f\u00fcr einen oder mehrere der unten unter A bis D beschriebenen Zwecke verarbeiten. Dieses Dokument stellt insgesamt einen Leitfaden zur grundlegenden Information und zum Verst\u00e4ndnis des rechtlichen Rahmens f\u00fcr den Schutz Ihrer personenbezogenen Daten dar. Aktualisierungen, Erg\u00e4nzungen und Klarstellungen zu diesem Text k\u00f6nnen Ihnen auf Anfrage im Rahmen der Aus\u00fcbung Ihres Auskunftsrechts bereitgestellt werden (siehe Abschnitt 1.2).<\/p>\n<p>3.2. Recht auf Zugang<\/p>\n<p>Sie haben das Recht, von unserem Unternehmen Zugang zu Ihren personenbezogenen Daten zu verlangen, die wir verarbeiten, sowie eine Best\u00e4tigung dar\u00fcber, ob diese verarbeitet werden. Dar\u00fcber hinaus haben Sie das Recht auf detaillierte Informationen \u00fcber die Zwecke der Verarbeitung, die Kategorien personenbezogener Daten, die Empf\u00e4nger oder Kategorien von Empf\u00e4ngern, die Dauer der Speicherung und Verarbeitung, das Bestehen eines Beschwerderechts bei der Datenschutzaufsichtsbeh\u00f6rde, alle verf\u00fcgbaren Informationen \u00fcber die Herkunft der Daten, sofern diese nicht direkt bei Ihnen erhoben wurden, sowie \u00fcber das Bestehen oder Nichtbestehen einer automatisierten Entscheidungsfindung einschlie\u00dflich Profiling und die dabei angewandte Logik.\n\nFerner erhalten Sie Informationen \u00fcber geeignete Garantien bei der \u00dcbermittlung von Daten in Drittl\u00e4nder sowie eine Kopie der personenbezogenen Daten, die verarbeitet werden (siehe Abschnitt 1.2).<\/p>\n<p>3.3. Recht auf Berichtigung<\/p>\n<p>Sie haben das Recht, von unserem Unternehmen die Berichtigung Ihrer personenbezogenen Daten zu verlangen, sofern diese unrichtig sind oder sich ge\u00e4ndert haben und wir zur Verarbeitung dieser Daten berechtigt sind (siehe Abschnitt 1.2).<\/p>\n<p>3.4. Recht auf L\u00f6schung<\/p>\n<p>Sie haben das Recht, von unserem Unternehmen die vollst\u00e4ndige oder teilweise L\u00f6schung Ihrer personenbezogenen Daten zu verlangen, die wir verarbeiten, sofern diese f\u00fcr die Zwecke, f\u00fcr die sie erhoben wurden, nicht mehr erforderlich sind, Sie Ihre Einwilligung widerrufen oder die Daten Ihrer Ansicht nach unrechtm\u00e4\u00dfig verarbeitet wurden.\n\nDas Unternehmen wird innerhalb einer angemessenen Frist (nicht l\u00e4nger als ein Monat und, falls erforderlich, unter bestimmten Umst\u00e4nden nicht l\u00e4nger als insgesamt drei Monate) antworten und entweder die vollst\u00e4ndige oder teilweise L\u00f6schung Ihrer Daten best\u00e4tigen oder Sie \u00fcber die Unm\u00f6glichkeit der L\u00f6schung bestimmter Daten informieren, sofern gesetzliche Verpflichtungen, Gr\u00fcnde des \u00f6ffentlichen Interesses, das Recht auf freie Meinungs\u00e4u\u00dferung und Information oder die Geltendmachung, Aus\u00fcbung oder Verteidigung von Rechtsanspr\u00fcchen deren Aufbewahrung erfordern.\n\nIn diesem Fall haben Sie das Recht, Beschwerde bei der zust\u00e4ndigen Aufsichtsbeh\u00f6rde einzureichen sowie gerichtliche Rechtsmittel einzulegen (siehe Abschnitt 1.2).<\/p>\n<p>3.5. Recht auf Einschr\u00e4nkung der Verarbeitung<\/p>\n<p>Sie haben das Recht, von unserem Unternehmen die Einschr\u00e4nkung der Verarbeitung Ihrer personenbezogenen Daten zu verlangen, entweder hinsichtlich des Umfangs, der Dauer oder des Zwecks der Verarbeitung, insbesondere wenn:\n\n(a) Sie die Richtigkeit Ihrer Daten bestreiten, f\u00fcr die Dauer, die es dem Unternehmen erm\u00f6glicht, die Richtigkeit der Daten zu \u00fcberpr\u00fcfen,\n(b) die Verarbeitung unrechtm\u00e4\u00dfig ist, Sie jedoch die L\u00f6schung ablehnen und stattdessen die Einschr\u00e4nkung der Nutzung der Daten verlangen,\n(c) das Unternehmen die Daten nicht mehr ben\u00f6tigt, Sie diese jedoch zur Geltendmachung, Aus\u00fcbung oder Verteidigung von Rechtsanspr\u00fcchen ben\u00f6tigen,\n(d) Sie Widerspruch gegen die Verarbeitung eingelegt haben, bis \u00fcberpr\u00fcft wurde, ob die berechtigten Gr\u00fcnde des Unternehmens gegen\u00fcber Ihren Interessen \u00fcberwiegen.\n\n(siehe Abschnitt 1.2)<\/p>\n<p>3.6. Recht auf Daten\u00fcbertragbarkeit<\/p>\n<p>Sie haben das Recht, die personenbezogenen Daten, die Sie uns bereitgestellt haben, in einem strukturierten, g\u00e4ngigen und maschinenlesbaren Format zu erhalten sowie das Recht, diese Daten ohne Behinderung weiterzu\u00fcbermitteln, sofern die Verarbeitung auf Ihrer Einwilligung beruht. Im Rahmen der Aus\u00fcbung dieses Rechts haben Sie zudem die M\u00f6glichkeit, die direkte \u00dcbermittlung Ihrer Daten durch das Unternehmen an einen anderen Verantwortlichen zu verlangen, sofern dies technisch machbar ist.<\/p>\n<p>Die Aus\u00fcbung dieses Rechts erfolgt vorbehaltlich der Einschr\u00e4nkungen des Rechts auf L\u00f6schung (siehe oben Abschnitt 3.4) und darf die Rechte und Freiheiten anderer Personen nicht beeintr\u00e4chtigen (siehe Abschnitt 1.2).<\/p>\n<p>3.7. Recht auf Widerspruch<\/p>\n<p>3.7.1. Sie haben das Recht, der Verarbeitung Ihrer personenbezogenen Daten f\u00fcr Zwecke der Direktwerbung sowie der damit verbundenen Profilbildung jederzeit zu widersprechen (siehe Abschnitt 1.2).<\/p>\n<p>3.7.2. Dieses Recht besteht nicht im Falle von Mitarbeitern\/Bewerbern sowie Besuchern der Gesch\u00e4ftsr\u00e4ume des Unternehmens, da diese Daten nicht an die Marketingabteilung \u00fcbermittelt und nicht zu entsprechenden Zwecken verarbeitet werden.<\/p>\n<p><strong>4. Werden Ihre Daten an Dritte weitergegeben?<\/strong><\/p>\n<p>Ihre Daten werden grunds\u00e4tzlich nicht an Dritte au\u00dferhalb des Unternehmens und seiner Tochtergesellschaften weitergegeben, mit Ausnahme von:\n(a) Dienstleistern, die die elektronischen Systeme und Netzwerke unseres Unternehmens unterst\u00fctzen \u2013 ausschlie\u00dflich zum Zweck der Vertragserf\u00fcllung im Rahmen der Unterst\u00fctzung unseres Unternehmens, und\n(b) den zust\u00e4ndigen Steuerbeh\u00f6rden im Rahmen der gesetzlichen Verpflichtungen zur Einhaltung steuerrechtlicher Vorschriften und nur in dem Umfang (und unter den Voraussetzungen), in dem dies erforderlich ist.<\/p>\n<p><strong>Garantien<\/strong><\/p>\n<p>Wir versichern Ihnen, dass das Unternehmen alle geeigneten technischen und organisatorischen Ma\u00dfnahmen zum Schutz Ihrer Daten ergreifen wird und dass die Verarbeitung Ihrer Daten ausschlie\u00dflich in dem bestm\u00f6glichen, minimalen und absolut erforderlichen Umfang erfolgt, wie gesetzlich vorgeschrieben, und streng sowie ausschlie\u00dflich zu dem Zweck, f\u00fcr den Sie uns diese zur Verf\u00fcgung gestellt haben.<\/p>\n<p>Besondere Bestimmungen f\u00fcr einzelne Kategorien betroffener Personen gelten erg\u00e4nzend zu den oben genannten allgemeinen Bestimmungen dieser Richtlinie.<\/p>\n<p><strong>(A) Kommunikationskontakte<\/strong><\/p>\n<p>A.1. Zweck: Die Erhebung, Verarbeitung und Speicherung Ihrer Daten, die im Rahmen der Kommunikation bereitgestellt wurden, erfolgt ausschlie\u00dflich zum Zweck der Information \u00fcber die Produkte und Aktivit\u00e4ten des Unternehmens. Ihre Daten werden ausschlie\u00dflich f\u00fcr diesen Zweck verwendet und nur von der Marketingabteilung des Unternehmens verarbeitet.<\/p>\n<p>A.2. Rechtsgrundlage der Verarbeitung: Die Rechtsgrundlage f\u00fcr die Verarbeitung Ihrer Daten ist Ihre Einwilligung gem\u00e4\u00df Artikel 6 Absatz 1 Buchstabe a der Datenschutz-Grundverordnung (DSGVO) zur Erf\u00fcllung der oben genannten Zwecke.<\/p>\n<p>A.3. Speicherdauer: Zur Erf\u00fcllung des oben genannten Zwecks der Verarbeitung, n\u00e4mlich Ihrer Information \u00fcber unsere Produkte und Aktivit\u00e4ten, wird eine angemessene und erforderliche Speicherdauer Ihrer Daten von drei (3) Jahren angenommen. Nach Ablauf dieser Frist ab dem Zeitpunkt der Erteilung Ihrer Einwilligung werden die entsprechenden Daten gel\u00f6scht, es sei denn, Sie erteilen unter den oben genannten Bedingungen erneut Ihre Einwilligung.<\/p>\n<p><strong>(B) Kunden \u2013 Lieferanten und potenzielle Kunden \u2013 Lieferanten<\/strong><\/p>\n<p>B.1. Zweck \u2013 Rechtsgrundlage:<\/p>\n<p>(a) Im vorvertraglichen Stadium, insbesondere bei der Ausf\u00fcllung eines elektronischen Kontaktformulars auf unserer Website, bei direkter E-Mail-Kommunikation, telefonischer Kontaktaufnahme oder beim Ausf\u00fcllen eines Formulars (wobei Sie uns Ihren Namen, Ihre E-Mail-Adresse und\/oder Telefonnummer und\/oder Adresse und\/oder Eigenschaft und\/oder die Produkte, f\u00fcr die Sie sich interessieren, mitteilen), besteht der Zweck darin, die M\u00f6glichkeit einer Zusammenarbeit mit dem Unternehmen zu pr\u00fcfen. Die Rechtsgrundlage hierf\u00fcr ist das berechtigte Interesse des Unternehmens, seine gesch\u00e4ftlichen Ziele zu verfolgen und auf Ihre Anfrage zur Pr\u00fcfung einer m\u00f6glichen Zusammenarbeit zu reagieren.<\/p>\n<p>(b) Kommt es zu einer Zusammenarbeit mit dem Unternehmen, werden die von Ihnen im vorvertraglichen Stadium sowie im Rahmen der Gesch\u00e4ftsbeziehung bereitgestellten Daten zum Zweck der Durchf\u00fchrung des Vertrags sowie zur Einhaltung der steuerrechtlichen Vorschriften verarbeitet. In diesem Fall ist die Rechtsgrundlage die Vertragserf\u00fcllung sowie die Einhaltung gesetzlicher Verpflichtungen gem\u00e4\u00df Artikel 6 Absatz 1 Buchstaben b und c der Datenschutz-Grundverordnung (DSGVO).<\/p>\n<p>B.2. Speicherdauer:<\/p>\n<p>Wir speichern die unter Abschnitt B.1.(a) genannten Daten f\u00fcr einen Zeitraum von f\u00fcnf (5) Jahren und l\u00f6schen diese anschlie\u00dfend.\nDie unter Abschnitt B.1.(b) genannten Daten werden f\u00fcr den Zeitraum aufbewahrt, der gem\u00e4\u00df den steuerrechtlichen Vorschriften erforderlich ist.<\/p>\n<p>Wir aktualisieren diese Datenschutzrichtlinie, wenn dies erforderlich ist.\nSollten wesentliche \u00c4nderungen an der Datenschutzrichtlinie oder an der Art und Weise der Verarbeitung Ihrer personenbezogenen Daten erfolgen, werden wir die aktualisierte Version auf unserer Website ver\u00f6ffentlichen, bevor die \u00c4nderungen in Kraft treten, und Sie auf geeignete Weise dar\u00fcber informieren.<\/p>\n<\/div><\/div><\/div><\/div><\/div>","protected":false},"excerpt":{"rendered":"","protected":false},"author":1,"featured_media":0,"parent":0,"menu_order":0,"comment_status":"closed","ping_status":"open","template":"","meta":{"footnotes":""},"class_list":["post-2075","page","type-page","status-publish","hentry"],"_links":{"self":[{"href":"https:\/\/lime-code.gr\/de\/wp-json\/wp\/v2\/pages\/2075","targetHints":{"allow":["GET"]}}],"collection":[{"href":"https:\/\/lime-code.gr\/de\/wp-json\/wp\/v2\/pages"}],"about":[{"href":"https:\/\/lime-code.gr\/de\/wp-json\/wp\/v2\/types\/page"}],"author":[{"embeddable":true,"href":"https:\/\/lime-code.gr\/de\/wp-json\/wp\/v2\/users\/1"}],"replies":[{"embeddable":true,"href":"https:\/\/lime-code.gr\/de\/wp-json\/wp\/v2\/comments?post=2075"}],"version-history":[{"count":2,"href":"https:\/\/lime-code.gr\/de\/wp-json\/wp\/v2\/pages\/2075\/revisions"}],"predecessor-version":[{"id":2266,"href":"https:\/\/lime-code.gr\/de\/wp-json\/wp\/v2\/pages\/2075\/revisions\/2266"}],"wp:attachment":[{"href":"https:\/\/lime-code.gr\/de\/wp-json\/wp\/v2\/media?parent=2075"}],"curies":[{"name":"wp","href":"https:\/\/api.w.org\/{rel}","templated":true}]}}