{"id":3,"date":"2025-08-19T12:11:25","date_gmt":"2025-08-19T12:11:25","guid":{"rendered":"https:\/\/lime-code.gr\/?page_id=3"},"modified":"2025-11-28T11:16:24","modified_gmt":"2025-11-28T11:16:24","slug":"cookies","status":"publish","type":"page","link":"https:\/\/lime-code.gr\/de\/cookies\/","title":{"rendered":"Cookie-Richtlinie"},"content":{"rendered":"<div class=\"fusion-fullwidth fullwidth-box fusion-builder-row-1 fusion-flex-container nonhundred-percent-fullwidth non-hundred-percent-height-scrolling\" style=\"--awb-border-radius-top-left:0px;--awb-border-radius-top-right:0px;--awb-border-radius-bottom-right:0px;--awb-border-radius-bottom-left:0px;--awb-flex-wrap:wrap;\" ><div class=\"fusion-builder-row fusion-row fusion-flex-align-items-flex-start fusion-flex-content-wrap\" style=\"max-width:1310.4px;margin-left: calc(-4% \/ 2 );margin-right: calc(-4% \/ 2 );\"><div class=\"fusion-layout-column fusion_builder_column fusion-builder-column-0 fusion_builder_column_1_1 1_1 fusion-flex-column\" style=\"--awb-bg-size:cover;--awb-width-large:100%;--awb-margin-top-large:0px;--awb-spacing-right-large:2.88%;--awb-margin-bottom-large:47px;--awb-spacing-left-large:2.88%;--awb-width-medium:100%;--awb-spacing-right-medium:2.88%;--awb-spacing-left-medium:2.88%;--awb-width-small:100%;--awb-spacing-right-small:1.92%;--awb-spacing-left-small:1.92%;\"><div class=\"fusion-column-wrapper fusion-flex-justify-content-flex-start fusion-content-layout-column\"><div class=\"fusion-text fusion-text-1 fusion-text-no-margin\" style=\"--awb-font-size:35px;--awb-margin-bottom:20px;\"><p style=\"text-align: center;\"><strong>Cookie-Richtlinie<\/strong><\/p>\n<\/div><div class=\"fusion-text fusion-text-2\" style=\"--awb-font-size:16px;\"><p>Cookies sind sehr kleine Textdateien, die von Browsern (Chrome, Mozilla, Firefox usw.) verwendet werden und zur besseren Funktion einer Website beitragen, indem sie es ihr erm\u00f6glichen, die Pr\u00e4ferenzen des Nutzers bei jedem Besuch zu erkennen.<\/p>\n<p>Auf der Website <strong>lime-code.gr<\/strong>gibt es vier (4) verschiedene Arten solcher Cookies:<\/p>\n<p><strong>Funktionale Cookies <\/strong>Diese erm\u00f6glichen die Ausf\u00fchrung grundlegender Funktionen der Website. Diese Cookies sammeln keine Informationen \u00fcber Besucher, die f\u00fcr Marketingzwecke verwendet werden k\u00f6nnten oder um zu verfolgen, welche Seiten im Internet besucht wurden, und werden beim Schlie\u00dfen des Browsers gel\u00f6scht.<\/p>\n<p><strong>Pr\u00e4ferenz-Cookies<\/strong>Diese Cookies tragen zur Verbesserung der Funktionalit\u00e4t unserer Website bei und beschleunigen den Zugriff der Nutzer, indem sie ihre Pr\u00e4ferenzen auf Grundlage vorheriger Aktivit\u00e4ten speichern, sodass eine erneute Anmeldung oder Eingabe von Einstellungen nicht erforderlich ist. Diese Cookies werden f\u00fcr einen Zeitraum von einem Monat auf dem Computer gespeichert.<\/p>\n<p><strong>Statistik-Cookies<\/strong> Diese messen die Besucherzahlen und helfen den Administratoren von <strong>lime-code.gr<\/strong> die Inhalte der Website zu verbessern, um den Nutzern eine bessere Erfahrung zu bieten. Diese Cookies sammeln keine Informationen, mit denen die Identit\u00e4t des Besuchers festgestellt werden kann.<\/p>\n<p><strong>Marketing- \/ Werbe-Cookies<\/strong>Diese Cookies sind erforderlich, damit Werbung angezeigt werden kann, die den Pr\u00e4ferenzen des Nutzers entspricht.<\/p>\n<p>Funktionale und Pr\u00e4ferenz-Cookies sind f\u00fcr den Betrieb der Website erforderlich und k\u00f6nnen nicht deaktiviert werden.<\/p>\n<p>Statistik- und <strong>Marketing-Cookies<\/strong>sind f\u00fcr den Betrieb der Website nicht erforderlich und k\u00f6nnen deaktiviert werden.<\/p>\n<p>Sie k\u00f6nnen Ihre Einwilligung zur Verwendung von Cookies jederzeit widerrufen oder der Verwendung von Cookies auf Ihrem Computer oder Ger\u00e4t widersprechen sowie Cookies kontrollieren und\/oder l\u00f6schen<\/p>\n<p>Weitere Informationen \u00fcber die allgemeine Verwendung von Cookies sowie \u00fcber Methoden zu deren Blockierung oder Einschr\u00e4nkung finden Sie auf den folgenden Websites:\n\/\/cookiepedia.co.uk\/all-about-cookies und \/\/www.allaboutcookies.org\/\n.<\/p>\n<p>Weitere Informationen \u00fcber die allgemeine Verwendung von Cookies sowie \u00fcber Methoden zu deren Blockierung oder Einschr\u00e4nkung finden Sie auf den folgenden Websites:\n\/\/cookiepedia.co.uk\/all-about-cookies und \/\/www.allaboutcookies.org\/\n.<\/p>\n<ul>\n<li>Internet Explorer <a href=\"https:\/\/support.microsoft.com\/kb\/278835\">\/\/support.microsoft.com\/kb\/278835<\/a><\/li>\n<li>Firefox <a href=\"https:\/\/support.mozilla.org\/en-US\/kb\/delete-cookies-remove-info-websites-stored\">\/\/support.mozilla.org\/en-US\/kb\/delete-cookies-remove-info-websites-stored<\/a><\/li>\n<li>Chrome <a href=\"https:\/\/support.google.com\/accounts\/answer\/61416?hl=en\">\/\/support.google.com\/accounts\/answer\/61416?hl=en<\/a><\/li>\n<li>Safari <a href=\"https:\/\/support.apple.com\/kb\/PH5042\">\/\/support.apple.com\/kb\/PH5042<\/a><\/li>\n<li>Safari for iPad and iPhone <a href=\"https:\/\/support.apple.com\/kb\/HT1677\">\/\/support.apple.com\/kb\/HT1677<\/a><\/li>\n<\/ul>\n<p>Diese Cookie-Richtlinie kann jederzeit ge\u00e4ndert werden. Aus diesem Grund empfehlen wir Ihnen, diese Richtlinie regelm\u00e4\u00dfig zu \u00fcberpr\u00fcfen. Diese Richtlinie ist seit dem 23. Mai 2018 in Kraft. Im Falle von \u00c4nderungen wird das Datum der letzten Aktualisierung entsprechend angegeben. Es gilt stets die jeweils aktuellste Version der Cookie-Richtlinie.<\/p>\n<\/div><\/div><\/div><\/div><\/div>","protected":false},"excerpt":{"rendered":"","protected":false},"author":1,"featured_media":0,"parent":0,"menu_order":0,"comment_status":"closed","ping_status":"open","template":"","meta":{"footnotes":""},"class_list":["post-3","page","type-page","status-publish","hentry"],"_links":{"self":[{"href":"https:\/\/lime-code.gr\/de\/wp-json\/wp\/v2\/pages\/3","targetHints":{"allow":["GET"]}}],"collection":[{"href":"https:\/\/lime-code.gr\/de\/wp-json\/wp\/v2\/pages"}],"about":[{"href":"https:\/\/lime-code.gr\/de\/wp-json\/wp\/v2\/types\/page"}],"author":[{"embeddable":true,"href":"https:\/\/lime-code.gr\/de\/wp-json\/wp\/v2\/users\/1"}],"replies":[{"embeddable":true,"href":"https:\/\/lime-code.gr\/de\/wp-json\/wp\/v2\/comments?post=3"}],"version-history":[{"count":4,"href":"https:\/\/lime-code.gr\/de\/wp-json\/wp\/v2\/pages\/3\/revisions"}],"predecessor-version":[{"id":2265,"href":"https:\/\/lime-code.gr\/de\/wp-json\/wp\/v2\/pages\/3\/revisions\/2265"}],"wp:attachment":[{"href":"https:\/\/lime-code.gr\/de\/wp-json\/wp\/v2\/media?parent=3"}],"curies":[{"name":"wp","href":"https:\/\/api.w.org\/{rel}","templated":true}]}}